{"id":1753,"date":"2023-09-28T17:41:26","date_gmt":"2023-09-28T15:41:26","guid":{"rendered":"http:\/\/www.rimsmobility.com\/privacy-policy\/"},"modified":"2024-01-02T13:51:44","modified_gmt":"2024-01-02T12:51:44","slug":"privacy-policy","status":"publish","type":"page","link":"https:\/\/www.rimsmobility.com\/en\/privacy-policy\/","title":{"rendered":"Privacy Policy"},"content":{"rendered":"\t\t<div data-elementor-type=\"wp-page\" data-elementor-id=\"1753\" class=\"elementor elementor-1753 elementor-505\" data-elementor-post-type=\"page\">\n\t\t\t\t\t\t<section class=\"elementor-section elementor-top-section elementor-element elementor-element-e928fd3 elementor-section-boxed elementor-section-height-default elementor-section-height-default\" data-id=\"e928fd3\" data-element_type=\"section\" data-e-type=\"section\" data-settings=\"{&quot;background_background&quot;:&quot;classic&quot;}\">\n\t\t\t\t\t\t<div class=\"elementor-container elementor-column-gap-default\">\n\t\t\t\t\t<div class=\"elementor-column elementor-col-100 elementor-top-column elementor-element elementor-element-609c35c\" data-id=\"609c35c\" data-element_type=\"column\" data-e-type=\"column\">\n\t\t\t<div class=\"elementor-widget-wrap elementor-element-populated\">\n\t\t\t\t\t\t\t<\/div>\n\t\t<\/div>\n\t\t\t\t\t<\/div>\n\t\t<\/section>\n\t\t\t\t<section class=\"elementor-section elementor-top-section elementor-element elementor-element-1019782 elementor-section-boxed elementor-section-height-default elementor-section-height-default\" data-id=\"1019782\" data-element_type=\"section\" data-e-type=\"section\">\n\t\t\t\t\t\t<div class=\"elementor-container elementor-column-gap-default\">\n\t\t\t\t\t<div class=\"elementor-column elementor-col-100 elementor-top-column elementor-element elementor-element-c1d0d58\" data-id=\"c1d0d58\" data-element_type=\"column\" data-e-type=\"column\">\n\t\t\t<div class=\"elementor-widget-wrap elementor-element-populated\">\n\t\t\t\t\t\t<div class=\"elementor-element elementor-element-745878f elementor-widget elementor-widget-heading\" data-id=\"745878f\" data-element_type=\"widget\" data-e-type=\"widget\" data-widget_type=\"heading.default\">\n\t\t\t\t<div class=\"elementor-widget-container\">\n\t\t\t\t\t<h2 class=\"elementor-heading-title elementor-size-default\">Website Owner<\/h2>\t\t\t\t<\/div>\n\t\t\t\t<\/div>\n\t\t\t\t<div class=\"elementor-element elementor-element-d3875d4 elementor-widget elementor-widget-text-editor\" data-id=\"d3875d4\" data-element_type=\"widget\" data-e-type=\"widget\" data-widget_type=\"text-editor.default\">\n\t\t\t\t<div class=\"elementor-widget-container\">\n\t\t\t\t\t\t\t\t\t<p><strong>Name: IGLU AUTOMOTIVE SL<\/strong><\/p>\n<p><strong>NIF: B88188206<\/strong><\/p>\n<p><strong>Address: Calle Cabo Rufino L\u00e1zaro, number 14, 28232 Las Rozas (Madrid)<\/strong><\/p>\n<p><strong>Its activity focuses on<\/strong>: vehicle rental services.<\/p>\n<p><strong>Contact email: <a href=\"mailto:alex.ribas@rimsmobility.com\">alex.ribas@rimsmobility.com<\/a><\/strong><\/p>\n<p><strong>Purpose for which the website has been created:<\/strong> to publicize vehicle rental services.<\/p>\n<h3>Responsible for the processing of personal data<\/h3>\n<p><strong>Contact name and email: Alex Ribas \u2013 <a href=\"mailto:alex.ribas@rimsmobility.com\">alex.ribas@rimsmobility.com<\/a><\/p>\n<p><\/strong><\/p>\n<h3>Your data protection rights<\/h3>\n<p><strong>How you can exercise your rights:<\/strong> you can send us an email to our postal address, or you can also send us an email to our email address. In both cases it will be necessary for you to include a photocopy of your ID so that we can confirm your identity. <\/p>\n<p><strong>Once this process is completed, you will be able to exercise the following rights:<\/strong><\/p>\n<p>Access to your personal data to know if we are actually processing your data.<\/p>\n<p>You may request that these data be rectified if they are not correct.<\/p>\n<p>You may also ask us to limit their processing, so that we can only use them for the exercise or defense of claims.<\/p>\n<p>You may object to our continued processing of your personal data. This will happen whenever it is not considered necessary to continue doing so due to possible claims, or for other legitimate reasons of force majeure. <\/p>\n<p>With the portability of your data we guarantee that we will pass those personal data to any other company that our client has selected.<\/p>\n<p>Elimination, or deletion, of the data, which will be carried out when our clients confirm it to us, unless legally required to the contrary.<\/p>\n<p>Withdrawing consent is something that our clients can do even if they once gave it to us to process their personal data.<\/p>\n<p>For more information about the rights that our clients have, they can visit the website of the Data Protection Agency <a href=\"https:\/\/www.aepd.es\/\">https:\/\/www.aepd.es\/<\/a> where they can also file any complaint or claim.<\/p>\n<p>Right to be forgotten and to access personal data. To make it possible you just have to contact us by email <\/p>\n<p><strong><br \/>How have we obtained your data?<\/strong><\/p>\n<p>We do not use any personal data purchase service, therefore, if we have your personal data it is because you have provided it to us through any means available on our website, whether contact forms or service contracting forms. .<\/p>\n<h2>For what purpose do we process your data?<\/h2>\n<p>Exclusively to be able to offer you the services described on our website.<\/p>\n<p>This means that in no case will we use your data to offer you other services that do not appear on our pages.<\/p>\n<p>Please note that we use WordPress as our website software, which means that the program may use cookies to provide you with a better service.<\/p>\n<p>We also use Analytics, but no personal identification occurs with that program.<\/p>\n<h3>Consent<\/h3>\n<p>Users who send us their personal data through this website, whether to contact us through a form as a final contracting or purchasing process, give their consent so that we can use that data, and thus be able to offer you what we want. we offer on our website.<\/p>\n<h3>Legitimation for the processing of personal data<\/h3>\n<p>In all cases, this legitimacy is based on your acceptance or consent, after reading the information we offer on this page.<\/p>\n<p>Si no est\u00e1 de acuerdo con el uso que le daremos a los datos personales, o con cualquier otro t\u00e9rmino de esta pol\u00edtica de protecci\u00f3n de datos, por favor, no nos los env\u00ede. En caso contrario consideraremos que nos ha dado su aprobaci\u00f3n para poder tratarlos. <\/p>\n<h3>Transfer to third parties<\/h3>\n<p>We do not transfer personal data in any case.<\/p>\n<h3>Data Category<\/h3>\n<p>We only request data to identify clients and bill for services.<\/p>\n<p>The data requested is exclusively that necessary for the aforementioned purpose.<\/p>\n<p>We do not process data that must be specially protected, since in fact, they are not even requested.<\/p>\n<h3>Subcontracting or contracting of services<\/h3>\n<p>You just have to keep in mind that to offer you our services we may subcontract with other companies that, at some point, may offer us services that make it possible for them to know your data.<\/p>\n<p>Hosting: Promo Up, <a href=\"https:\/\/www.promo-up.es\">https:\/\/www.promo-up.es<\/a> (offers us hosting with a security certificate for the secure sending of your data, but they do not store personal data, nor do they have access to our clients&#8217; data, nor does it manage the email)<\/p>\n<p>Email: Microsoft Exchange service.<\/p>\n<h3>Secrecy and security of your personal data<\/h3>\n<p>All personal data will be treated with absolute confidentiality. They will be used for the exclusive purpose of offering you the services that appear on this website. <\/p>\n<p>We undertake to save this data and to adopt the necessary security measures to prevent it from being altered or lost, or from being accessed by unauthorized persons.<\/p>\n<p>Likewise, any person or company that can offer us any service necessary for this website to function will be under the obligation of confidentiality.<\/p>\n<h3>Accuracy and veracity of personal data<\/h3>\n<p>Each user is responsible for the veracity of the data they provide us. If there is an error in these data, you can contact us to correct it. <\/p>\n<h3>Security measures<\/h3>\n<p>Appropriate security measures have been put in place, taking into account the nature of the personal data provided, to avoid, as far as possible, unauthorized access, loss or processing of data by people to whom that activity does not correspond.<\/p>\n<p>This website uses an SSL security certificate that allows the secure, encrypted sending of personal data.<\/p>\n<h3>Revocability<\/h3>\n<p>The consent for the processing of your personal data is revocable, without retroactive effect, at the time you deem appropriate for the exercise of ARCO rights.<\/p>\n<h3>Data retention<\/h3>\n<p>Personal data will be deleted when the client requests it or within the period of time established by law. If we are forced to store them, to address any claim or for other reasons, we will do so safely. <\/p>\n<p>What the law determines in relation to the time required to store customer data:<\/p>\n<p>4 years: Law on Infringements and Sanctions in the Social Order (obligations regarding membership, registrations, cancellations, contributions, payment of salaries&#8230;); Arts. 66 et seq. General Tax Law (accounting books&#8230;);  <\/p>\n<p>5 years: Art. 1964 Civil Code (personal actions without special term)<\/p>\n<p>6 years: Art. 30 Commercial Code (accounting books, invoices&#8230;)<\/p>\n<p>10 years: Art. 25 Law on the Prevention of Money Laundering and Financing of Terrorism.<\/p>\n<h3>In case of security failure<\/h3>\n<p>If we understand that unauthorized persons have been able to access your personal data, we will notify you within 72 hours.<\/p>\n\t\t\t\t\t\t\t\t<\/div>\n\t\t\t\t<\/div>\n\t\t\t\t\t<\/div>\n\t\t<\/div>\n\t\t\t\t\t<\/div>\n\t\t<\/section>\n\t\t\t\t<\/div>\n\t\t","protected":false},"excerpt":{"rendered":"<p>Website Owner Name: IGLU AUTOMOTIVE SL NIF: B88188206 Address: Calle Cabo Rufino L\u00e1zaro, number 14, 28232 Las Rozas (Madrid) Its activity focuses on: vehicle rental services. Contact email: alex.ribas@rimsmobility.com Purpose for which the website has been created: to publicize vehicle rental services. Responsible for the processing of personal data Contact name and email: Alex Ribas [&hellip;]<\/p>\n","protected":false},"author":1,"featured_media":1606,"parent":0,"menu_order":0,"comment_status":"closed","ping_status":"closed","template":"","meta":{"footnotes":""},"class_list":["post-1753","page","type-page","status-publish","has-post-thumbnail","hentry"],"yoast_head":"<!-- This site is optimized with the Yoast SEO plugin v27.4 - https:\/\/yoast.com\/product\/yoast-seo-wordpress\/ -->\n<title>Privacy Policy - RIMS Mobility<\/title>\n<meta name=\"robots\" content=\"index, follow, max-snippet:-1, max-image-preview:large, max-video-preview:-1\" \/>\n<link rel=\"canonical\" href=\"https:\/\/www.rimsmobility.com\/en\/privacy-policy\/\" \/>\n<meta property=\"og:locale\" content=\"en_US\" \/>\n<meta property=\"og:type\" content=\"article\" \/>\n<meta property=\"og:title\" content=\"Privacy Policy - RIMS Mobility\" \/>\n<meta property=\"og:description\" content=\"Website Owner Name: IGLU AUTOMOTIVE SL NIF: B88188206 Address: Calle Cabo Rufino L\u00e1zaro, number 14, 28232 Las Rozas (Madrid) Its activity focuses on: vehicle rental services. Contact email: alex.ribas@rimsmobility.com Purpose for which the website has been created: to publicize vehicle rental services. Responsible for the processing of personal data Contact name and email: Alex Ribas [&hellip;]\" \/>\n<meta property=\"og:url\" content=\"https:\/\/www.rimsmobility.com\/en\/privacy-policy\/\" \/>\n<meta property=\"og:site_name\" content=\"RIMS Mobility\" \/>\n<meta property=\"article:modified_time\" content=\"2024-01-02T12:51:44+00:00\" \/>\n<meta name=\"twitter:card\" content=\"summary_large_image\" \/>\n<meta name=\"twitter:label1\" content=\"Est. reading time\" \/>\n\t<meta name=\"twitter:data1\" content=\"5 minutes\" \/>\n<script type=\"application\/ld+json\" class=\"yoast-schema-graph\">{\"@context\":\"https:\\\/\\\/schema.org\",\"@graph\":[{\"@type\":\"WebPage\",\"@id\":\"https:\\\/\\\/www.rimsmobility.com\\\/en\\\/privacy-policy\\\/\",\"url\":\"https:\\\/\\\/www.rimsmobility.com\\\/en\\\/privacy-policy\\\/\",\"name\":\"Privacy Policy - RIMS Mobility\",\"isPartOf\":{\"@id\":\"https:\\\/\\\/www.rimsmobility.com\\\/#website\"},\"primaryImageOfPage\":{\"@id\":\"https:\\\/\\\/www.rimsmobility.com\\\/en\\\/privacy-policy\\\/#primaryimage\"},\"image\":{\"@id\":\"https:\\\/\\\/www.rimsmobility.com\\\/en\\\/privacy-policy\\\/#primaryimage\"},\"thumbnailUrl\":\"https:\\\/\\\/www.rimsmobility.com\\\/wp-content\\\/uploads\\\/2023\\\/10\\\/Logo-RIMS-Mobility.jpg\",\"datePublished\":\"2023-09-28T15:41:26+00:00\",\"dateModified\":\"2024-01-02T12:51:44+00:00\",\"breadcrumb\":{\"@id\":\"https:\\\/\\\/www.rimsmobility.com\\\/en\\\/privacy-policy\\\/#breadcrumb\"},\"inLanguage\":\"en-US\",\"potentialAction\":[{\"@type\":\"ReadAction\",\"target\":[\"https:\\\/\\\/www.rimsmobility.com\\\/en\\\/privacy-policy\\\/\"]}]},{\"@type\":\"ImageObject\",\"inLanguage\":\"en-US\",\"@id\":\"https:\\\/\\\/www.rimsmobility.com\\\/en\\\/privacy-policy\\\/#primaryimage\",\"url\":\"https:\\\/\\\/www.rimsmobility.com\\\/wp-content\\\/uploads\\\/2023\\\/10\\\/Logo-RIMS-Mobility.jpg\",\"contentUrl\":\"https:\\\/\\\/www.rimsmobility.com\\\/wp-content\\\/uploads\\\/2023\\\/10\\\/Logo-RIMS-Mobility.jpg\",\"width\":1448,\"height\":803,\"caption\":\"Logo RIMS Mobility\"},{\"@type\":\"BreadcrumbList\",\"@id\":\"https:\\\/\\\/www.rimsmobility.com\\\/en\\\/privacy-policy\\\/#breadcrumb\",\"itemListElement\":[{\"@type\":\"ListItem\",\"position\":1,\"name\":\"Portada\",\"item\":\"https:\\\/\\\/www.rimsmobility.com\\\/en\\\/\"},{\"@type\":\"ListItem\",\"position\":2,\"name\":\"Privacy Policy\"}]},{\"@type\":\"WebSite\",\"@id\":\"https:\\\/\\\/www.rimsmobility.com\\\/#website\",\"url\":\"https:\\\/\\\/www.rimsmobility.com\\\/\",\"name\":\"RIMS Mobility\",\"description\":\"N\u00ba1 en movilidad de vans para eventos y producciones\",\"publisher\":{\"@id\":\"https:\\\/\\\/www.rimsmobility.com\\\/#organization\"},\"potentialAction\":[{\"@type\":\"SearchAction\",\"target\":{\"@type\":\"EntryPoint\",\"urlTemplate\":\"https:\\\/\\\/www.rimsmobility.com\\\/?s={search_term_string}\"},\"query-input\":{\"@type\":\"PropertyValueSpecification\",\"valueRequired\":true,\"valueName\":\"search_term_string\"}}],\"inLanguage\":\"en-US\"},{\"@type\":\"Organization\",\"@id\":\"https:\\\/\\\/www.rimsmobility.com\\\/#organization\",\"name\":\"RIMS Mobility\",\"url\":\"https:\\\/\\\/www.rimsmobility.com\\\/\",\"logo\":{\"@type\":\"ImageObject\",\"inLanguage\":\"en-US\",\"@id\":\"https:\\\/\\\/www.rimsmobility.com\\\/#\\\/schema\\\/logo\\\/image\\\/\",\"url\":\"http:\\\/\\\/www.rimsmobility.com\\\/wp-content\\\/uploads\\\/2023\\\/10\\\/Logo-RIMS-Mobility.jpg\",\"contentUrl\":\"http:\\\/\\\/www.rimsmobility.com\\\/wp-content\\\/uploads\\\/2023\\\/10\\\/Logo-RIMS-Mobility.jpg\",\"width\":1448,\"height\":803,\"caption\":\"RIMS Mobility\"},\"image\":{\"@id\":\"https:\\\/\\\/www.rimsmobility.com\\\/#\\\/schema\\\/logo\\\/image\\\/\"},\"sameAs\":[\"https:\\\/\\\/www.linkedin.com\\\/company\\\/rims-mobility\\\/\",\"https:\\\/\\\/www.instagram.com\\\/rimsmobility\\\/\"]}]}<\/script>\n<!-- \/ Yoast SEO plugin. -->","yoast_head_json":{"title":"Privacy Policy - RIMS Mobility","robots":{"index":"index","follow":"follow","max-snippet":"max-snippet:-1","max-image-preview":"max-image-preview:large","max-video-preview":"max-video-preview:-1"},"canonical":"https:\/\/www.rimsmobility.com\/en\/privacy-policy\/","og_locale":"en_US","og_type":"article","og_title":"Privacy Policy - RIMS Mobility","og_description":"Website Owner Name: IGLU AUTOMOTIVE SL NIF: B88188206 Address: Calle Cabo Rufino L\u00e1zaro, number 14, 28232 Las Rozas (Madrid) Its activity focuses on: vehicle rental services. Contact email: alex.ribas@rimsmobility.com Purpose for which the website has been created: to publicize vehicle rental services. Responsible for the processing of personal data Contact name and email: Alex Ribas [&hellip;]","og_url":"https:\/\/www.rimsmobility.com\/en\/privacy-policy\/","og_site_name":"RIMS Mobility","article_modified_time":"2024-01-02T12:51:44+00:00","twitter_card":"summary_large_image","twitter_misc":{"Est. reading time":"5 minutes"},"schema":{"@context":"https:\/\/schema.org","@graph":[{"@type":"WebPage","@id":"https:\/\/www.rimsmobility.com\/en\/privacy-policy\/","url":"https:\/\/www.rimsmobility.com\/en\/privacy-policy\/","name":"Privacy Policy - RIMS Mobility","isPartOf":{"@id":"https:\/\/www.rimsmobility.com\/#website"},"primaryImageOfPage":{"@id":"https:\/\/www.rimsmobility.com\/en\/privacy-policy\/#primaryimage"},"image":{"@id":"https:\/\/www.rimsmobility.com\/en\/privacy-policy\/#primaryimage"},"thumbnailUrl":"https:\/\/www.rimsmobility.com\/wp-content\/uploads\/2023\/10\/Logo-RIMS-Mobility.jpg","datePublished":"2023-09-28T15:41:26+00:00","dateModified":"2024-01-02T12:51:44+00:00","breadcrumb":{"@id":"https:\/\/www.rimsmobility.com\/en\/privacy-policy\/#breadcrumb"},"inLanguage":"en-US","potentialAction":[{"@type":"ReadAction","target":["https:\/\/www.rimsmobility.com\/en\/privacy-policy\/"]}]},{"@type":"ImageObject","inLanguage":"en-US","@id":"https:\/\/www.rimsmobility.com\/en\/privacy-policy\/#primaryimage","url":"https:\/\/www.rimsmobility.com\/wp-content\/uploads\/2023\/10\/Logo-RIMS-Mobility.jpg","contentUrl":"https:\/\/www.rimsmobility.com\/wp-content\/uploads\/2023\/10\/Logo-RIMS-Mobility.jpg","width":1448,"height":803,"caption":"Logo RIMS Mobility"},{"@type":"BreadcrumbList","@id":"https:\/\/www.rimsmobility.com\/en\/privacy-policy\/#breadcrumb","itemListElement":[{"@type":"ListItem","position":1,"name":"Portada","item":"https:\/\/www.rimsmobility.com\/en\/"},{"@type":"ListItem","position":2,"name":"Privacy Policy"}]},{"@type":"WebSite","@id":"https:\/\/www.rimsmobility.com\/#website","url":"https:\/\/www.rimsmobility.com\/","name":"RIMS Mobility","description":"N\u00ba1 en movilidad de vans para eventos y producciones","publisher":{"@id":"https:\/\/www.rimsmobility.com\/#organization"},"potentialAction":[{"@type":"SearchAction","target":{"@type":"EntryPoint","urlTemplate":"https:\/\/www.rimsmobility.com\/?s={search_term_string}"},"query-input":{"@type":"PropertyValueSpecification","valueRequired":true,"valueName":"search_term_string"}}],"inLanguage":"en-US"},{"@type":"Organization","@id":"https:\/\/www.rimsmobility.com\/#organization","name":"RIMS Mobility","url":"https:\/\/www.rimsmobility.com\/","logo":{"@type":"ImageObject","inLanguage":"en-US","@id":"https:\/\/www.rimsmobility.com\/#\/schema\/logo\/image\/","url":"http:\/\/www.rimsmobility.com\/wp-content\/uploads\/2023\/10\/Logo-RIMS-Mobility.jpg","contentUrl":"http:\/\/www.rimsmobility.com\/wp-content\/uploads\/2023\/10\/Logo-RIMS-Mobility.jpg","width":1448,"height":803,"caption":"RIMS Mobility"},"image":{"@id":"https:\/\/www.rimsmobility.com\/#\/schema\/logo\/image\/"},"sameAs":["https:\/\/www.linkedin.com\/company\/rims-mobility\/","https:\/\/www.instagram.com\/rimsmobility\/"]}]}},"_links":{"self":[{"href":"https:\/\/www.rimsmobility.com\/en\/wp-json\/wp\/v2\/pages\/1753","targetHints":{"allow":["GET"]}}],"collection":[{"href":"https:\/\/www.rimsmobility.com\/en\/wp-json\/wp\/v2\/pages"}],"about":[{"href":"https:\/\/www.rimsmobility.com\/en\/wp-json\/wp\/v2\/types\/page"}],"author":[{"embeddable":true,"href":"https:\/\/www.rimsmobility.com\/en\/wp-json\/wp\/v2\/users\/1"}],"replies":[{"embeddable":true,"href":"https:\/\/www.rimsmobility.com\/en\/wp-json\/wp\/v2\/comments?post=1753"}],"version-history":[{"count":0,"href":"https:\/\/www.rimsmobility.com\/en\/wp-json\/wp\/v2\/pages\/1753\/revisions"}],"wp:featuredmedia":[{"embeddable":true,"href":"https:\/\/www.rimsmobility.com\/en\/wp-json\/wp\/v2\/media\/1606"}],"wp:attachment":[{"href":"https:\/\/www.rimsmobility.com\/en\/wp-json\/wp\/v2\/media?parent=1753"}],"curies":[{"name":"wp","href":"https:\/\/api.w.org\/{rel}","templated":true}]}}